{"id":2190,"date":"2010-01-13T00:05:01","date_gmt":"2010-01-12T22:05:01","guid":{"rendered":"http:\/\/scaloni.it\/popinga\/?page_id=2190"},"modified":"2010-03-11T23:21:08","modified_gmt":"2010-03-11T21:21:08","slug":"situazione-patrimoniale-degli-amministratori-di-senigallia","status":"publish","type":"page","link":"http:\/\/scaloni.it\/popinga\/situazione-patrimoniale-degli-amministratori-di-senigallia\/","title":{"rendered":"Situazione patrimoniale degli amministratori di Senigallia"},"content":{"rendered":"<h3>Premesso che:<\/h3>\n<ul>\n<li>La <a title=\"delibera di Consiglio Comunale n\u00b0 95 del 1994\" href=\"http:\/\/scaloni.it\/popinga\/podpress_trac\/web\/1909\/0\/delibera-cc-95_1994-04-26_con-allegato.pdf\">delibera di \tConsiglio Comunale n\u00b0 95 del 1994<\/a> ha approvato il \u201c<em><a title=\"Regolamento per la pubblicit\u00e0 della situazione patrimoniale dei consiglieri comunali e dei rappresentanti comunali in enti, aziende ed istituzioni operanti nell\u2019ambito del Comune o da esso dipendenti e controllati\" href=\"http:\/\/scaloni.it\/popinga\/anagrafe-pubblica-degli-eletti-a-senigallia-ce-forse\/\">Regolamento \tper la pubblicit\u00e0 della situazione patrimoniale dei consiglieri \tcomunali e dei rappresentanti comunali in enti, aziende ed \tistituzioni operanti nell\u2019ambito del Comune o da esso dipendenti e \tcontrollati<\/a>\u201d;<\/em> lo stesso \tprevede che siano resi pubblici la situazione patrimoniale e la \tdichiarazione dei redditi dei Consiglieri Comunali, nonch\u00e9 del \tconiuge non separato e dei figli conviventi del Consigliere, se gli \tstessi vi consentono.<\/li>\n<li>Detto Regolamento risulta ad oggi vigente.<\/li>\n<li>L&#8217;art. 30, \tcomma 6, dello <a title=\"Statuto Comunale di Senigallia\" href=\"http:\/\/www.comune.senigallia.an.it\/senigallia\/inc\/redaction\/5294\/5468\/Statuto.pdf\">Statuto Comunale di Senigallia<\/a> cos\u00ec recita: \u201c<em>I \tConsiglieri Comunali assicurano informazioni sulle personali \tcondizioni finanziarie, provvedendo a notificare il proprio stato \tpatrimoniale ed economico, secondo le norme del regolamento.\u201d.<\/em><\/li>\n<li>Nello scorso \tmese di ottobre, ai sensi dell&#8217;art. 8 del suddetto Regolamento, mi \tsono recato presso l&#8217;Ufficio Affari Istituzionali del Comune di \tSenigallia chiedendo copia dell&#8217;ultimo Bollettino, cos\u00ec come \tprevisto dall&#8217;art. 10 dello stesso regolamento; tale Bollettino non \trisultava rintracciabile.<\/li>\n<li>Il 5 di ottobre ho chiesto un parere direttamente al Garante per la protezione dei dati personali, il quale mi ha rimandato a suoi pronunciamenti gi\u00e0 pubblicati, in particolare <a href=\"http:\/\/www.garanteprivacy.it\/garante\/doc.jsp?ID=49134\">a quello in cui si afferma<\/a> che &#8220;<em>non vi \u00e8 alcuna incompatibilit\u00e0 tra le nuove disposizioni in materia di dati personali e le norme in materia di trasparenza nella pubblica amministrazione<\/em>&#8220;.<\/li>\n<li>Il 25 ottobre ho inviato <a title=\"Lettera al Prefetto di Ancona\" href=\"http:\/\/scaloni.it\/popinga\/pubblicita-dei-patrimoni-dei-consiglieri-comunali-una-lettera-al-prefetto\/\">una lettera al Prefetto di Ancona<\/a> informandolo della questione, e chiedendo il suo sostegno affinch\u00e9 &#8220;<em>la delibera del Consiglio Comunale di Senigallia n\u00b0 95 del 26\/4\/1994 trovi piena applicazione in tempi ragionevoli<\/em>&#8220;.<\/li>\n<li>L&#8217;11 di novembre, da me interpellato, il difensore civico regionale avv. Samuele Animali ci fornisce <a title=\"Il Difensore Civico: quel regolamento va rispettato\" href=\"http:\/\/scaloni.it\/popinga\/il-difensore-civico-quel-regolamento-va-rispettato\/\">il suo parere<\/a> nel merito: il regolamento va rispettato.<\/li>\n<li>Nel corso \tdella riunione del 24 novembre scorso della I Commissione (Affari \tIstituzionali) del Consiglio Comunale, il consigliere Daniele Corinaldesi ha \taffermato che la documentazione gli era stata richiesta fino al 2003 \tma a lui non risultava che la stessa fosse stata mai resa pubblica, \tcome invece prevede il regolamento (art. 10).<\/li>\n<li>Il Presidente \tdel Consiglio Comunale, Silvano Paradisi, con <a href=\"http:\/\/scaloni.it\/popinga\/delibera-9594-una-lettera-a-babbo-natale\/\">una lettera inviata il \t24 novembre 2009 a tutti i Consiglieri Comunali<\/a>, li ha invitati &#8220;<em>a \tpresentare l\u2019ultima denuncia dei redditi, in copia, ed una \tdichiarazione sulla propria situazione patrimoniale (art.2 Reg.to) \tentro 30 giorni dal ricevimento della presente direttamente alla \tsegreteria generale<\/em>&#8220;.<\/li>\n<li>Nello scorso \tmese di Dicembre, rispondendo ad una mia sollecitazione, attraverso \til <a href=\"http:\/\/www.comune.senigallia.an.it\/senigallia\/Senigallia\/partecipo\/il_sindaco_risponde\/dicembre_09\/16439.html\">sito internet istituzionale del Comune<\/a>, il Sindaco Luana Angeloni ha dichiarato che \u201c<em>Fino all&#8217;anno 2004 la situazione \tpatrimoniale dei consiglieri comunali \u00e8 stata raccolta e resa \tdisponibile<\/em>\u201d, aggiungendo anche che \u201c<em>negli anni \tsuccessivi, a causa di alcune modifiche intervenute \tnell&#8217;organizzazione interna e nell&#8217;attribuzione delle conseguenti \tfunzioni, gli uffici non hanno pi\u00f9 richiesto l&#8217;invio della \tdocumentazione<\/em>\u201d.<\/li>\n<li>L&#8217;art. 7 bis \tdel <a href=\"http:\/\/www.altalex.com\/index.php?azione=Nuovo_documento&amp;idnot=1091#titolo1\">Testo Unico degli Enti Locali<\/a> prevede che il mancato rispetto di \tun Regolamento Comunale sia sanzionato da 25 a 500 euro, mentre la <a href=\"http:\/\/www.sanzioniamministrative.it\/collegamenti\/RicercaGiuridica\/L%2024_Nov_1981,%20nr_689%20(Annotata)\/L%20689_1981%20(index).htm\"> legge n. 689\/1981<\/a> indica il Sindaco come \u201c<em>organo competente a \tirrogare la sanzione amministrativa<\/em>\u201c.<\/li>\n<li>L&#8217;11 gennaio 2010 inoltro al Sindaco, e per conoscenza alla Procura della Repubblica di Ancona, <a href=\"http:\/\/www.viveresenigallia.it\/index.php?page=articolo&amp;articolo_id=227664\">un rapporto<\/a> in cui riassumo la questione e chiedo il pieno rispetto della norma, ed in particolare che il Sindaco svolga il ruolo di &#8220;controllore&#8221; che la legge gli riserva, in quanto &#8220;<em>deve responsabilizzare uffici e amministratori al rispetto del Regolamento<\/em>&#8220;.<\/li>\n<li>Il Comune di Senigallia <a href=\"http:\/\/www.viveresenigallia.it\/index.php?page=articolo&amp;articolo_id=227863\">risponde il giorno seguente<\/a>, 12 gennaio, con argomentazioni deboli e senza soddisfare molte delle richieste da noi avanzate, aggiungendo che il Presidente \tdel Consiglio Comunale, Silvano Paradisi, &#8220;<em>ha fatto pervenire anche un sollecito ai Consiglieri che, scaduto il termine dei 30 gg dalla prima richiesta, non hanno ancora inviato la documentazione richiesta<\/em>&#8220;.<\/li>\n<li>Al 12 di gennaio, risulta che solamente 6 consiglieri su 31 abbiano trasmesso i propri dati, come richiesto. I restanti 25 sono diffidati a farlo entro 15 giorni.<\/li>\n<li>Al 15 gennaio altri 6 consiglieri hanno adempiuto all&#8217;obbligo di presentazione dei dati dopo che il Presidente del Consiglio Comunale, Silvano Paradisi, ha spedito loro la formale &#8220;diffida ad adempiere&#8221;.<\/li>\n<li>Il 17 gennaio il difensore civico regionale, avv. Samuele Animali, ci fa avere <a href=\"http:\/\/www.viveresenigallia.it\/index.php?page=articolo&amp;articolo_id=228700\">un suo parere<\/a> circa <a href=\"http:\/\/www.viveresenigallia.it\/index.php?page=articolo&amp;articolo_id=227863\" target=\"_blank\">le argomentazioni<\/a> con le quali il Comune di Senigallia ha giustificato la violazione del Regolamento; nella sostanza, l&#8217;avv. Animali smonta le tesi del Comune.<\/li>\n<li>Il 24 gennaio <a href=\"http:\/\/www.viveresenigallia.it\/index.php?page=articolo&amp;articolo_id=229636\">scrivo nuovamente al Prefetto di Ancona<\/a>, presentandogli le argomentazioni contrarie alle precisazioni del Comune del 12 gennaio.<\/li>\n<li>Il 3 febbraio faccio protocollare al Comune <a href=\"..\/wp-content\/uploads\/2010\/02\/2010-02-03_richiesta-241-90.jpg\">una mia richiesta<\/a> di accesso ai dati raccolti fino al 2008 in parziale ottemperanza alla delibera 95\/1994, ai sensi della legge 241\/90 (legge sul diritto di accesso ai documenti amministrativi).<\/li>\n<li>Lo stesso giorno, il 3 febbraio, apprendo che <a href=\"http:\/\/scaloni.it\/popinga\/presto-pubblici-i-redditi-di-consiglieri-comunali-e-sindaco-di-senigallia\/\">tutti e 31 i Consiglieri comunali<\/a> hanno presentato i propri dati nella mani del Presidente del Consiglio Comunale; cos\u00ec anche 3 dei &#8220;nominati&#8221; in enti collegati al Comune; mancano all&#8217;appello gli altri; non sappiamo quando tali dati verrano resi pubblici.<\/li>\n<li>Il 9 febbraio il Comune emana un <a href=\"http:\/\/scaloni.it\/popinga\/il-comune-attua-tardivamente\/\">comunicato stampa<\/a> nel quale afferma che &#8220;<em>presso l\u2019Ufficio Attivit\u00e0 Istituzionali dei Servizi Generali del Comune di Senigallia \u00e8 ufficialmente disponibile un bollettino del Comune di Senigallia dove \u00e8 stato depositato, per la consultazione dei cittadini interessati, il dato riguardante la pubblicit\u00e0 della situazione patrimoniale (reddito imponibile) dei consiglieri comunali<\/em>&#8220;. Il giorno successivo i maggiori quotidiani locali <a href=\"http:\/\/picasaweb.google.com\/popinga.it\/SituazionePatrimonialeASenigallia#5436341136913875442\">pubblicano i dati<\/a>, che comprendono anche quelli degli assessori in carica.<\/li>\n<li>Il 19 febbraio, in risposta ad una richiesta del consigliere comunale Alessandro Cicconi Massi, l&#8217;Ufficio Affari Istituzionali <a href=\"http:\/\/scaloni.it\/popinga\/redditi-degli-amministratori-loro-cercano-noi-aspettiamo\/\">comunica<\/a> che i dati raccolti dal 1994 al 2004, probabilmente a causa di un trasferimento dell&#8217;archivio comunale, non risultano rintracciabili; tuttavia gli uffici continueranno le ricerche.<\/li>\n<li>Il 23 febbraio <a href=\"http:\/\/scaloni.it\/popinga\/podpress_trac\/web\/2539\/1\/delibera95-1994_risposta-del-Comune.pdf\">il Sindaco risponde<\/a> alla <a href=\"http:\/\/www.viveresenigallia.it\/index.php?page=articolo&amp;articolo_id=227664\">nostra lettera del 11 gennaio<\/a>, ribadendo le argomentazioni formulate al Prefetto, argomentazioni <a href=\"http:\/\/www.viveresenigallia.it\/index.php?page=articolo&amp;articolo_id=228700\">gi\u00e0 smontate dal difensore civico<\/a>.<\/li>\n<li>Il 3 marzo arriva ufficialmente dal Comune <a href=\"http:\/\/scaloni.it\/popinga\/podpress_trac\/web\/2539\/0\/2010-03-03_241-90_Risposta-del-Comune.pdf\">l&#8217;ammissione che i dati dal 1994 al 2002 sono introvabili<\/a>, forse persi negli spostamenti d\u2019archivio. Al contempo, sono <a href=\"http:\/\/www.viveresenigallia.it\/index.php?page=articolo&amp;articolo_id=236208\">resi disponibili i dati del 2003 e 2004<\/a>, nella forma del bollettino <a href=\"http:\/\/scaloni.it\/popinga\/podpress_trac\/web\/2475\/0\/2010-02-03_richiesta-241-90.pdf\">come da noi richiesto<\/a>.<\/li>\n<\/ul>\n<h3>Chiediamo:<\/h3>\n<ul>\n<li>che, ai sensi \tdell&#8217;art. 7 bis del Testo Unico degli Enti Locali e dell&#8217;articolo 17 \tdella legge n. 689\/1981, il Sindaco proceda ad applicare le dovute \tsanzioni per il mancato rispetto del Regolamento approvato con \tdelibera di Consiglio Comunale n\u00b0 95 del 1994.<\/li>\n<li>che, riguardo \talla documentazione raccolta dal 1994 al 2004, nel caso in cui la \tstessa non fosse stata mai resa pubblica, il Sindaco dia mandato di \tprocedere immediatamente alla pubblicazione del Bollettino come \tprevisto dal Regolamento in oggetto (art. 10) per tutti gli anni \tcompresi tra il 1994 e il 2004;<\/li>\n<li>che il Sindaco dia \tmandato gli uffici comunali a che tali Bollettini siano liberamente \tconsultabili, nel pieno rispetto dei principi di trasparenza e di \taccessibilit\u00e0 degli atti amministrativi, nonch\u00e9 del Regolamento in \toggetto (art. 8);<\/li>\n<li>che, riguardo \tagli anni compresi tra il 2004 e il 2008, si chieda a coloro che sono tenuti all\u2019osservanza delle disposizioni del Regolamento in oggetto, di produrre la necessaria documentazione e, successivamente, di darne piena pubblicizzazione, secondo il Regolamento;<\/li>\n<li><span style=\"text-decoration: line-through;\">che, riguardo all&#8217;anno 2009, dopo le diffide ad adempiere, ai sensi dell&#8217;art. 6 del Regolamento in oggetto, si proceda alla pubblicazione della documentazione \traccolta, nonch\u00e9 alla discussione in Consiglio Comunale circa le eventuali inadempienze.<\/span><\/li>\n<\/ul>\n<p style=\"text-align: right;\"><em>Marco Scaloni<\/em><br \/>\n<a href=\"http:\/\/www.scaloni.it\/popinga\">www.scaloni.it\/popinga<\/a><\/p>\n<h3 style=\"text-align: left;\">Allegati:<\/h3>\n<ul>\n<li><a href=\"http:\/\/scaloni.it\/popinga\/wp-content\/uploads\/2010\/01\/Rapporto-al-Sindaco-di-Senigallia.pdf\">Rapporto al Sindaco di Senigallia<\/a>;<\/li>\n<li><a href=\"http:\/\/scaloni.it\/popinga\/wp-content\/uploads\/2010\/01\/2010-01-12_Resto-del-Carlino.jpg\">Articolo da Il Resto del Carlino del 12 gennaio 2010<\/a>;<\/li>\n<li>I <a href=\"http:\/\/picasaweb.google.com\/popinga.it\/Varie#5435204049924069634\">due articoli<\/a> (il <a href=\"http:\/\/sfoglia.corriereadriatico.it\/Articolo?aId=953097\">primo<\/a> e il <a href=\"http:\/\/sfoglia.corriereadriatico.it\/Articolo?aId=953098\">secondo<\/a>) del Corriere Adriatico del 6 febbraio 2010;<\/li>\n<li>L&#8217;<a href=\"http:\/\/picasaweb.google.com\/popinga.it\/SituazionePatrimonialeASenigallia#5436341136913875442\">articolo del Corriere Adriatico del 9 febbraio 2010<\/a>, nel quale sono pubblicati i redditi nell&#8217;anno 2008 di Sindaco, Assessori e di tutti i Consiglieri Comunali di Senigallia;<\/li>\n<\/ul>\n","protected":false},"excerpt":{"rendered":"<p>Premesso che: La delibera di Consiglio Comunale n\u00b0 95 del 1994 ha approvato il \u201cRegolamento per la pubblicit\u00e0 della situazione patrimoniale dei consiglieri comunali e dei rappresentanti comunali in enti, aziende ed istituzioni operanti nell\u2019ambito del Comune o da esso dipendenti e controllati\u201d; lo stesso prevede che siano resi pubblici la situazione patrimoniale e la &hellip; <a href=\"http:\/\/scaloni.it\/popinga\/situazione-patrimoniale-degli-amministratori-di-senigallia\/\" class=\"more-link\">Leggi tutto<span class=\"screen-reader-text\"> &#8220;Situazione patrimoniale degli amministratori di Senigallia&#8221;<\/span><\/a><\/p>\n","protected":false},"author":32,"featured_media":0,"parent":0,"menu_order":0,"comment_status":"open","ping_status":"open","template":"","meta":{"footnotes":""},"_links":{"self":[{"href":"http:\/\/scaloni.it\/popinga\/wp-json\/wp\/v2\/pages\/2190"}],"collection":[{"href":"http:\/\/scaloni.it\/popinga\/wp-json\/wp\/v2\/pages"}],"about":[{"href":"http:\/\/scaloni.it\/popinga\/wp-json\/wp\/v2\/types\/page"}],"author":[{"embeddable":true,"href":"http:\/\/scaloni.it\/popinga\/wp-json\/wp\/v2\/users\/32"}],"replies":[{"embeddable":true,"href":"http:\/\/scaloni.it\/popinga\/wp-json\/wp\/v2\/comments?post=2190"}],"version-history":[{"count":28,"href":"http:\/\/scaloni.it\/popinga\/wp-json\/wp\/v2\/pages\/2190\/revisions"}],"predecessor-version":[{"id":2570,"href":"http:\/\/scaloni.it\/popinga\/wp-json\/wp\/v2\/pages\/2190\/revisions\/2570"}],"wp:attachment":[{"href":"http:\/\/scaloni.it\/popinga\/wp-json\/wp\/v2\/media?parent=2190"}],"curies":[{"name":"wp","href":"https:\/\/api.w.org\/{rel}","templated":true}]}}